{"id":20,"date":"2020-06-02T05:30:55","date_gmt":"2020-06-02T05:30:55","guid":{"rendered":"https:\/\/thefox.withemes.com\/clean\/contact\/"},"modified":"2023-10-11T12:39:29","modified_gmt":"2023-10-11T12:39:29","slug":"iletisim","status":"publish","type":"page","link":"https:\/\/duyumarket.com.tr\/blog\/iletisim\/","title":{"rendered":"\u0130leti\u015fim"},"content":{"rendered":"\n<p><strong>Duyu Market San. ve Tic. Ltd. \u015eti.<\/strong><\/p>\n\n\n\n<p>\u00c7akmak Mah. 101\/3 Sok. No:3 K:1\u00a0Merkezefendi\u00a0\/\u00a0Denizli<br>0 (850) 302 00 80<\/p>\n\n\n\n<p>https:\/\/duyumarket.com.tr<\/p>\n","protected":false},"excerpt":{"rendered":"<p>Duyu Market San. ve Tic. Ltd. \u015eti. \u00c7akmak Mah. 101\/3 Sok. No:3 K:1\u00a0Merkezefendi\u00a0\/\u00a0Denizli0 (850) 302 00 80 https:\/\/duyumarket.com.tr<\/p>\n","protected":false},"author":1,"featured_media":0,"parent":0,"menu_order":0,"comment_status":"closed","ping_status":"closed","template":"","meta":{"footnotes":""},"coauthors":[46],"yoast_head":"<!-- This site is optimized with the Yoast SEO plugin v23.5 - https:\/\/yoast.com\/wordpress\/plugins\/seo\/ -->\n<title>\u0130leti\u015fim - duyumarket<\/title>\n<meta name=\"robots\" content=\"index, follow, max-snippet:-1, max-image-preview:large, max-video-preview:-1\" \/>\n<link rel=\"canonical\" href=\"https:\/\/duyumarket.com.tr\/blog\/iletisim\/\" \/>\n<meta property=\"og:locale\" content=\"tr_TR\" \/>\n<meta property=\"og:type\" content=\"article\" \/>\n<meta property=\"og:title\" content=\"\u0130leti\u015fim - duyumarket\" \/>\n<meta property=\"og:description\" content=\"Duyu Market San. ve Tic. Ltd. \u015eti. \u00c7akmak Mah. 101\/3 Sok. No:3 K:1\u00a0Merkezefendi\u00a0\/\u00a0Denizli0 (850) 302 00 80 https:\/\/duyumarket.com.tr\" \/>\n<meta property=\"og:url\" content=\"https:\/\/duyumarket.com.tr\/blog\/iletisim\/\" \/>\n<meta property=\"og:site_name\" content=\"duyumarket\" \/>\n<meta property=\"article:publisher\" content=\"https:\/\/www.facebook.com\/duyumarket\" \/>\n<meta property=\"article:modified_time\" content=\"2023-10-11T12:39:29+00:00\" \/>\n<meta name=\"twitter:card\" content=\"summary_large_image\" \/>\n<meta name=\"twitter:site\" content=\"@duyu_market\" \/>\n<meta name=\"twitter:label1\" content=\"Written by\" \/>\n\t<meta name=\"twitter:data1\" content=\"Administrator\" \/>\n<script type=\"application\/ld+json\" class=\"yoast-schema-graph\">{\"@context\":\"https:\/\/schema.org\",\"@graph\":[{\"@type\":\"WebPage\",\"@id\":\"https:\/\/duyumarket.com.tr\/blog\/iletisim\/\",\"url\":\"https:\/\/duyumarket.com.tr\/blog\/iletisim\/\",\"name\":\"\u0130leti\u015fim - duyumarket\",\"isPartOf\":{\"@id\":\"https:\/\/duyumarket.com.tr\/blog\/#website\"},\"datePublished\":\"2020-06-02T05:30:55+00:00\",\"dateModified\":\"2023-10-11T12:39:29+00:00\",\"inLanguage\":\"tr\",\"potentialAction\":[{\"@type\":\"ReadAction\",\"target\":[\"https:\/\/duyumarket.com.tr\/blog\/iletisim\/\"]}]},{\"@type\":\"WebSite\",\"@id\":\"https:\/\/duyumarket.com.tr\/blog\/#website\",\"url\":\"https:\/\/duyumarket.com.tr\/blog\/\",\"name\":\"Duyu Market Blog\",\"description\":\"blog\",\"publisher\":{\"@id\":\"https:\/\/duyumarket.com.tr\/blog\/#organization\"},\"potentialAction\":[{\"@type\":\"SearchAction\",\"target\":{\"@type\":\"EntryPoint\",\"urlTemplate\":\"https:\/\/duyumarket.com.tr\/blog\/?s={search_term_string}\"},\"query-input\":{\"@type\":\"PropertyValueSpecification\",\"valueRequired\":true,\"valueName\":\"search_term_string\"}}],\"inLanguage\":\"tr\"},{\"@type\":\"Organization\",\"@id\":\"https:\/\/duyumarket.com.tr\/blog\/#organization\",\"name\":\"Duyu Market\",\"url\":\"https:\/\/duyumarket.com.tr\/blog\/\",\"logo\":{\"@type\":\"ImageObject\",\"inLanguage\":\"tr\",\"@id\":\"https:\/\/duyumarket.com.tr\/blog\/#\/schema\/logo\/image\/\",\"url\":\"https:\/\/duyumarket.com.tr\/blog\/wp-content\/uploads\/2021\/01\/logo-black.png\",\"contentUrl\":\"https:\/\/duyumarket.com.tr\/blog\/wp-content\/uploads\/2021\/01\/logo-black.png\",\"width\":400,\"height\":87,\"caption\":\"Duyu Market\"},\"image\":{\"@id\":\"https:\/\/duyumarket.com.tr\/blog\/#\/schema\/logo\/image\/\"},\"sameAs\":[\"https:\/\/www.facebook.com\/duyumarket\",\"https:\/\/x.com\/duyu_market\",\"https:\/\/www.instagram.com\/duyu_market\",\"https:\/\/www.youtube.com\/DuyuMarketTV\"]}]}<\/script>\n<!-- \/ Yoast SEO plugin. -->","yoast_head_json":{"title":"\u0130leti\u015fim - duyumarket","robots":{"index":"index","follow":"follow","max-snippet":"max-snippet:-1","max-image-preview":"max-image-preview:large","max-video-preview":"max-video-preview:-1"},"canonical":"https:\/\/duyumarket.com.tr\/blog\/iletisim\/","og_locale":"tr_TR","og_type":"article","og_title":"\u0130leti\u015fim - duyumarket","og_description":"Duyu Market San. ve Tic. Ltd. \u015eti. \u00c7akmak Mah. 101\/3 Sok. No:3 K:1\u00a0Merkezefendi\u00a0\/\u00a0Denizli0 (850) 302 00 80 https:\/\/duyumarket.com.tr","og_url":"https:\/\/duyumarket.com.tr\/blog\/iletisim\/","og_site_name":"duyumarket","article_publisher":"https:\/\/www.facebook.com\/duyumarket","article_modified_time":"2023-10-11T12:39:29+00:00","twitter_card":"summary_large_image","twitter_site":"@duyu_market","twitter_misc":{"Written by":"Administrator"},"schema":{"@context":"https:\/\/schema.org","@graph":[{"@type":"WebPage","@id":"https:\/\/duyumarket.com.tr\/blog\/iletisim\/","url":"https:\/\/duyumarket.com.tr\/blog\/iletisim\/","name":"\u0130leti\u015fim - duyumarket","isPartOf":{"@id":"https:\/\/duyumarket.com.tr\/blog\/#website"},"datePublished":"2020-06-02T05:30:55+00:00","dateModified":"2023-10-11T12:39:29+00:00","inLanguage":"tr","potentialAction":[{"@type":"ReadAction","target":["https:\/\/duyumarket.com.tr\/blog\/iletisim\/"]}]},{"@type":"WebSite","@id":"https:\/\/duyumarket.com.tr\/blog\/#website","url":"https:\/\/duyumarket.com.tr\/blog\/","name":"Duyu Market Blog","description":"blog","publisher":{"@id":"https:\/\/duyumarket.com.tr\/blog\/#organization"},"potentialAction":[{"@type":"SearchAction","target":{"@type":"EntryPoint","urlTemplate":"https:\/\/duyumarket.com.tr\/blog\/?s={search_term_string}"},"query-input":{"@type":"PropertyValueSpecification","valueRequired":true,"valueName":"search_term_string"}}],"inLanguage":"tr"},{"@type":"Organization","@id":"https:\/\/duyumarket.com.tr\/blog\/#organization","name":"Duyu Market","url":"https:\/\/duyumarket.com.tr\/blog\/","logo":{"@type":"ImageObject","inLanguage":"tr","@id":"https:\/\/duyumarket.com.tr\/blog\/#\/schema\/logo\/image\/","url":"https:\/\/duyumarket.com.tr\/blog\/wp-content\/uploads\/2021\/01\/logo-black.png","contentUrl":"https:\/\/duyumarket.com.tr\/blog\/wp-content\/uploads\/2021\/01\/logo-black.png","width":400,"height":87,"caption":"Duyu Market"},"image":{"@id":"https:\/\/duyumarket.com.tr\/blog\/#\/schema\/logo\/image\/"},"sameAs":["https:\/\/www.facebook.com\/duyumarket","https:\/\/x.com\/duyu_market","https:\/\/www.instagram.com\/duyu_market","https:\/\/www.youtube.com\/DuyuMarketTV"]}]}},"_links":{"self":[{"href":"https:\/\/duyumarket.com.tr\/blog\/wp-json\/wp\/v2\/pages\/20"}],"collection":[{"href":"https:\/\/duyumarket.com.tr\/blog\/wp-json\/wp\/v2\/pages"}],"about":[{"href":"https:\/\/duyumarket.com.tr\/blog\/wp-json\/wp\/v2\/types\/page"}],"author":[{"embeddable":true,"href":"https:\/\/duyumarket.com.tr\/blog\/wp-json\/wp\/v2\/users\/1"}],"replies":[{"embeddable":true,"href":"https:\/\/duyumarket.com.tr\/blog\/wp-json\/wp\/v2\/comments?post=20"}],"version-history":[{"count":5,"href":"https:\/\/duyumarket.com.tr\/blog\/wp-json\/wp\/v2\/pages\/20\/revisions"}],"predecessor-version":[{"id":465,"href":"https:\/\/duyumarket.com.tr\/blog\/wp-json\/wp\/v2\/pages\/20\/revisions\/465"}],"wp:attachment":[{"href":"https:\/\/duyumarket.com.tr\/blog\/wp-json\/wp\/v2\/media?parent=20"}],"wp:term":[{"taxonomy":"author","embeddable":true,"href":"https:\/\/duyumarket.com.tr\/blog\/wp-json\/wp\/v2\/coauthors?post=20"}],"curies":[{"name":"wp","href":"https:\/\/api.w.org\/{rel}","templated":true}]}}